{"id":390,"date":"2024-09-05T06:51:09","date_gmt":"2024-09-05T04:51:09","guid":{"rendered":"https:\/\/tamasikatalin.hu\/?page_id=390"},"modified":"2026-01-06T10:34:10","modified_gmt":"2026-01-06T08:34:10","slug":"vintage-beauty","status":"publish","type":"page","link":"https:\/\/tamasikatalin.hu\/?page_id=390","title":{"rendered":"Vintage Beauty kezel\u00e9sek"},"content":{"rendered":"\n<p><\/p>\n\n\n\n<figure class=\"wp-block-table\"><table><tbody><tr><td><strong>TISZT\u00cdT\u00d3 KEZEL\u00c9S: kb. 1.5 \u00f3ra<\/strong><br>illatborogat\u00e1s, el\u0151tiszt\u00edt\u00e1s, peeling, toniz\u00e1l\u00e1s,<br>g\u0151z\u00f6l\u00e9s, k\u00e9zi tiszt\u00edt\u00e1s, fert\u0151tlen\u00edt\u00e9s, VIO, \u00e1sv\u00e1nyi maszk,<br>illatborogat\u00e1s, nappali \u00e1pol\u00e1s<\/td><td>21 000 Ft<\/td><\/tr><tr><td><strong>BASIC KEZEL\u00c9S: kb. 2-2.5 \u00f3ra<\/strong><br>illatborogat\u00e1s, el\u0151tiszt\u00edt\u00e1s,peeling, toniz\u00e1l\u00e1s,<br>g\u0151z\u00f6l\u00e9s, k\u00e9zi tiszt\u00edt\u00e1s, fert\u0151tlen\u00edt\u00e9s, \u00e1sv\u00e1nyi maszk,<br>arc- \u00e9s dekolt\u00e1zs massz\u00e1zs, illatborogat\u00e1s, nappali \u00e1pol\u00e1s<\/td><td>25 000 Ft<\/td><\/tr><tr><td><strong>SILVER KEZEL\u00c9S: kb. 2.5 \u00f3ra<\/strong><br>illatborogat\u00e1s, el\u0151tiszt\u00edt\u00e1s,peeling, toniz\u00e1l\u00e1s,<br>g\u0151z\u00f6l\u00e9s, dekolt\u00e1zs pakol\u00e1s, k\u00e9zi tiszt\u00edt\u00e1s, fert\u0151tlen\u00edt\u00e9s, \u00e1sv\u00e1nyi maszk, ultrahangos feszes\u00edt\u00e9s, <br>arc- \u00e9s dekolt\u00e1zs massz\u00e1zs, illatborogat\u00e1s, nappali \u00e1pol\u00e1s<\/td><td>30 000 Ft<\/td><\/tr><\/tbody><\/table><\/figure>\n","protected":false},"excerpt":{"rendered":"<p>TISZT\u00cdT\u00d3 KEZEL\u00c9S: kb. 1.5 \u00f3raillatborogat\u00e1s, el\u0151tiszt\u00edt\u00e1s, peeling, toniz\u00e1l\u00e1s,g\u0151z\u00f6l\u00e9s, k\u00e9zi tiszt\u00edt\u00e1s, fert\u0151tlen\u00edt\u00e9s, VIO, \u00e1sv\u00e1nyi maszk,illatborogat\u00e1s, nappali \u00e1pol\u00e1s 21 000 Ft BASIC KEZEL\u00c9S: kb. 2-2.5 \u00f3raillatborogat\u00e1s, el\u0151tiszt\u00edt\u00e1s,peeling, toniz\u00e1l\u00e1s,g\u0151z\u00f6l\u00e9s, k\u00e9zi tiszt\u00edt\u00e1s, fert\u0151tlen\u00edt\u00e9s, \u00e1sv\u00e1nyi &hellip; <\/p>\n","protected":false},"author":1,"featured_media":0,"parent":0,"menu_order":0,"comment_status":"closed","ping_status":"closed","template":"","meta":{"footnotes":""},"class_list":["post-390","page","type-page","status-publish","hentry"],"_links":{"self":[{"href":"https:\/\/tamasikatalin.hu\/index.php?rest_route=\/wp\/v2\/pages\/390","targetHints":{"allow":["GET"]}}],"collection":[{"href":"https:\/\/tamasikatalin.hu\/index.php?rest_route=\/wp\/v2\/pages"}],"about":[{"href":"https:\/\/tamasikatalin.hu\/index.php?rest_route=\/wp\/v2\/types\/page"}],"author":[{"embeddable":true,"href":"https:\/\/tamasikatalin.hu\/index.php?rest_route=\/wp\/v2\/users\/1"}],"replies":[{"embeddable":true,"href":"https:\/\/tamasikatalin.hu\/index.php?rest_route=%2Fwp%2Fv2%2Fcomments&post=390"}],"version-history":[{"count":10,"href":"https:\/\/tamasikatalin.hu\/index.php?rest_route=\/wp\/v2\/pages\/390\/revisions"}],"predecessor-version":[{"id":419,"href":"https:\/\/tamasikatalin.hu\/index.php?rest_route=\/wp\/v2\/pages\/390\/revisions\/419"}],"wp:attachment":[{"href":"https:\/\/tamasikatalin.hu\/index.php?rest_route=%2Fwp%2Fv2%2Fmedia&parent=390"}],"curies":[{"name":"wp","href":"https:\/\/api.w.org\/{rel}","templated":true}]}}