{"id":437,"date":"2026-04-29T16:36:33","date_gmt":"2026-04-29T14:36:33","guid":{"rendered":"https:\/\/tamasikatalin.hu\/?page_id=437"},"modified":"2026-04-29T19:12:46","modified_gmt":"2026-04-29T17:12:46","slug":"biola","status":"publish","type":"page","link":"https:\/\/tamasikatalin.hu\/?page_id=437","title":{"rendered":"Biola"},"content":{"rendered":"\n<figure class=\"wp-block-table\"><table><tbody><tr><td><strong>Arcmassz\u00e1zs<\/strong><\/td><td>9 000 Ft<\/td><\/tr><tr><td><strong>Arc-\u00e9s dekolt\u00e1zs massz\u00e1zs<\/strong><\/td><td>10 500 Ft<\/td><\/tr><tr><td><strong>Arc-\u00e9s dekolt\u00e1zs massz\u00e1zs + ultrahang<\/strong><\/td><td>14 500 Ft<\/td><\/tr><tr><td><strong>Biola Klasszikus Arc-\u00e9s dekolt\u00e1zs kezel\u00e9s: 1.5-2 \u00f3ra<\/strong><br>illat borogat\u00e1s, el\u0151tiszt\u00edt\u00e1s, peeling, toniz\u00e1l\u00e1s,<br>g\u0151z\u00f6l\u00e9s massz\u00e1zzsal, k\u00e9zi tiszt\u00edt\u00e1s, fert\u0151tlen\u00edt\u00e9s,<br>VIO, \u00e1sv\u00e1nyi maszk, illat borogat\u00e1s, nappali \u00e1pol\u00e1s<\/td><td>18 000 Ft<\/td><\/tr><tr><td><strong>Biola Arc-\u00e9s dekolt\u00e1zs kezel\u00e9s ultrahanggal: 1.5-2 \u00f3ra<\/strong><br>illat borogat\u00e1s, el\u0151tiszt\u00edt\u00e1s, peeling, toniz\u00e1l\u00e1s,<br>g\u0151z\u00f6l\u00e9s, k\u00e9zi tiszt\u00edt\u00e1s, fert\u0151tlen\u00edt\u00e9s, VIO, ultrahang,<br>arc- \u00e9s dekolt\u00e1zs massz\u00e1zs, \u00e1sv\u00e1nyi maszk, illat borogat\u00e1s, nappali \u00e1pol\u00e1s<\/td><td>20 000 Ft<\/td><\/tr><tr><td><strong>Biola Tini kezel\u00e9s: kb. 1-1.5 \u00f3ra<\/strong><br>illat borogat\u00e1s, el\u0151tiszt\u00edt\u00e1s, peeling, toniz\u00e1l\u00e1s,<br>g\u0151z\u00f6l\u00e9s, k\u00e9zi tiszt\u00edt\u00e1s, fert\u0151tlen\u00edt\u00e9s, VIO, \u00e1sv\u00e1nyi maszk,<br>illat borogat\u00e1s, nappali \u00e1pol\u00e1s<\/td><td>13 000 Ft<\/td><\/tr><\/tbody><\/table><\/figure>\n\n\n\n<p><\/p>\n","protected":false},"excerpt":{"rendered":"<p>Arcmassz\u00e1zs 9 000 Ft Arc-\u00e9s dekolt\u00e1zs massz\u00e1zs 10 500 Ft Arc-\u00e9s dekolt\u00e1zs massz\u00e1zs + ultrahang 14 500 Ft Biola Klasszikus Arc-\u00e9s dekolt\u00e1zs kezel\u00e9s: 1.5-2 \u00f3raillat borogat\u00e1s, el\u0151tiszt\u00edt\u00e1s, peeling, toniz\u00e1l\u00e1s,g\u0151z\u00f6l\u00e9s massz\u00e1zzsal, &hellip; <\/p>\n","protected":false},"author":1,"featured_media":0,"parent":0,"menu_order":0,"comment_status":"closed","ping_status":"closed","template":"","meta":{"footnotes":""},"class_list":["post-437","page","type-page","status-publish","hentry"],"_links":{"self":[{"href":"https:\/\/tamasikatalin.hu\/index.php?rest_route=\/wp\/v2\/pages\/437","targetHints":{"allow":["GET"]}}],"collection":[{"href":"https:\/\/tamasikatalin.hu\/index.php?rest_route=\/wp\/v2\/pages"}],"about":[{"href":"https:\/\/tamasikatalin.hu\/index.php?rest_route=\/wp\/v2\/types\/page"}],"author":[{"embeddable":true,"href":"https:\/\/tamasikatalin.hu\/index.php?rest_route=\/wp\/v2\/users\/1"}],"replies":[{"embeddable":true,"href":"https:\/\/tamasikatalin.hu\/index.php?rest_route=%2Fwp%2Fv2%2Fcomments&post=437"}],"version-history":[{"count":13,"href":"https:\/\/tamasikatalin.hu\/index.php?rest_route=\/wp\/v2\/pages\/437\/revisions"}],"predecessor-version":[{"id":460,"href":"https:\/\/tamasikatalin.hu\/index.php?rest_route=\/wp\/v2\/pages\/437\/revisions\/460"}],"wp:attachment":[{"href":"https:\/\/tamasikatalin.hu\/index.php?rest_route=%2Fwp%2Fv2%2Fmedia&parent=437"}],"curies":[{"name":"wp","href":"https:\/\/api.w.org\/{rel}","templated":true}]}}