{"id":58,"date":"2020-08-09T16:00:52","date_gmt":"2020-08-09T16:00:52","guid":{"rendered":"https:\/\/tmp1.rocska.hu\/?page_id=58"},"modified":"2020-08-10T07:04:10","modified_gmt":"2020-08-10T07:04:10","slug":"mi-a-spagirika","status":"publish","type":"page","link":"https:\/\/tamasikatalin.hu\/?page_id=58","title":{"rendered":"Spag\u00edrikus esszenci\u00e1k"},"content":{"rendered":"\n<p>A\u00a0<strong>spag\u00edrika sz\u00f3 g\u00f6r\u00f6g eredet\u0171: spao=sz\u00e9tv\u00e1lasztani, \u00e9s ageiro=egyes\u00edteni.<\/strong>\u00a0Ez egy a T\u00e1vol-Keletr\u0151l, ill. a himal\u00e1jai kult\u00far\u00e1kb\u00f3l sz\u00e1rmaz\u00f3, a gy\u00f3gyszergy\u00e1rt\u00e1sban \u00e9vezredek \u00f3ta ismert \u00e9s alkalmazott elj\u00e1r\u00e1s. A kivonatk\u00e9sz\u00edt\u00e9s ezen m\u00f3dj\u00e1t a mai napig alkalmazz\u00e1k az<strong>\u00a0ayurv\u00e9dikus orvosl\u00e1sban<\/strong>. Ennek sor\u00e1n a n\u00f6v\u00e9nyi kivonatokat desztill\u00e1lj\u00e1k, \u00e9s a fennmarad\u00f3 szil\u00e1rd n\u00f6v\u00e9nyi r\u00e9szeket hamuv\u00e1, ill. m\u00e9ssz\u00e9 \u00e9getik. Majd egy bonyolult biol\u00f3giai-dinamikus \u00e9s ritmiz\u00e1l\u00e1si el\u0151\u00e1ll\u00edt\u00e1si folyamaton kereszt\u00fcl, melynek sor\u00e1n a nap- \u00e9s a hold \u00e1ll\u00e1s\u00e1t is figyelembe veszik, kioldj\u00e1k \u00e9s kikrist\u00e1lyos\u00edtj\u00e1k a n\u00f6v\u00e9ny saj\u00e1t s\u00f3it. Ezt mindaddig ism\u00e9tlik, am\u00edg el nem \u00e9rik a sz\u00fcks\u00e9ges, ill. k\u00edv\u00e1nt tisztas\u00e1got. Csak ezut\u00e1n egyes\u00edtik a spag\u00edrikus esszenci\u00e1t a desztill\u00e1tummal.<\/p>\n\n\n\n<div class=\"wp-block-image\"><figure class=\"aligncenter size-large is-resized\"><img loading=\"lazy\" decoding=\"async\" src=\"https:\/\/tmp1.rocska.hu\/wp-content\/uploads\/2020\/08\/spagyrik3klein-1024x739.jpg\" alt=\"\" class=\"wp-image-179\" width=\"453\" height=\"326\" srcset=\"https:\/\/tamasikatalin.hu\/wp-content\/uploads\/2020\/08\/spagyrik3klein-1024x739.jpg 1024w, https:\/\/tamasikatalin.hu\/wp-content\/uploads\/2020\/08\/spagyrik3klein-300x216.jpg 300w, https:\/\/tamasikatalin.hu\/wp-content\/uploads\/2020\/08\/spagyrik3klein-768x554.jpg 768w, https:\/\/tamasikatalin.hu\/wp-content\/uploads\/2020\/08\/spagyrik3klein-83x60.jpg 83w, https:\/\/tamasikatalin.hu\/wp-content\/uploads\/2020\/08\/spagyrik3klein.jpg 1473w\" sizes=\"auto, (max-width: 453px) 100vw, 453px\" \/><\/figure><\/div>\n\n\n\n<p><\/p>\n\n\n\n<p><strong>Hogyan hatnak a spag\u00edrikus esszenci\u00e1k a kozmetikumokban?<\/strong><\/p>\n\n\n\n<p>Azt mondj\u00e1k \u201ea s\u00f3 a F\u00f6ld eml\u00e9kezete\u201d. Ebben sok igazs\u00e1g van, mert a s\u00f3 k\u00e9pes minden egyes sejtben azok alapj\u00e1ul szolg\u00e1l\u00f3 \u00e9p\u00edt\u00e9si terv \u00e9s bels\u0151 rend fel\u00e9breszt\u00e9s\u00e9re. Ennek r\u00e9v\u00e9n a spag\u00edrikus esszenci\u00e1k olyan impulzusokat k\u00f6zvet\u00edtenek a b\u0151r sz\u00e1m\u00e1ra, amelyek serkentik annak \u00f6ntisztul\u00e1si, meg\u00fajul\u00e1si folyamatait. A b\u0151r addig nem k\u00e9pes felvenni a meg\u00fajul\u00e1s\u00e1hoz sz\u00fcks\u00e9ges szubsztanci\u00e1kat, hogy helyre\u00e1ll\u00edtsa eredeti harm\u00f3ni\u00e1j\u00e1t, am\u00edg egy m\u00e9lyrehat\u00f3 megtisztul\u00e1son nem megy kereszt\u00fcl. A spag\u00edrikus esszenci\u00e1k egy intenz\u00edv tisztul\u00e1si folyamatot ind\u00edtanak el a b\u0151rben, \u00edgy t\u00e1mogatva annak regener\u00e1l\u00f3d\u00e1s\u00e1t \u00e9s harmoniz\u00e1l\u00f3d\u00e1s\u00e1t.<\/p>\n","protected":false},"excerpt":{"rendered":"<p>A\u00a0spag\u00edrika sz\u00f3 g\u00f6r\u00f6g eredet\u0171: spao=sz\u00e9tv\u00e1lasztani, \u00e9s ageiro=egyes\u00edteni.\u00a0Ez egy a T\u00e1vol-Keletr\u0151l, ill. a himal\u00e1jai kult\u00far\u00e1kb\u00f3l sz\u00e1rmaz\u00f3, a gy\u00f3gyszergy\u00e1rt\u00e1sban \u00e9vezredek \u00f3ta ismert \u00e9s alkalmazott elj\u00e1r\u00e1s. A kivonatk\u00e9sz\u00edt\u00e9s ezen m\u00f3dj\u00e1t a mai napig &hellip; <\/p>\n","protected":false},"author":1,"featured_media":0,"parent":0,"menu_order":0,"comment_status":"closed","ping_status":"closed","template":"","meta":{"footnotes":""},"class_list":["post-58","page","type-page","status-publish","hentry"],"yoast_head":"<!-- This site is optimized with the Yoast SEO plugin v27.5 - https:\/\/yoast.com\/product\/yoast-seo-wordpress\/ -->\n<title>Spag\u00edrikus esszenci\u00e1k - Tam\u00e1si Katalin<\/title>\n<meta name=\"robots\" content=\"index, follow, max-snippet:-1, max-image-preview:large, max-video-preview:-1\" \/>\n<link rel=\"canonical\" href=\"https:\/\/tamasikatalin.hu\/?page_id=58\" \/>\n<meta property=\"og:locale\" content=\"hu_HU\" \/>\n<meta property=\"og:type\" content=\"article\" \/>\n<meta property=\"og:title\" content=\"Spag\u00edrikus esszenci\u00e1k - Tam\u00e1si Katalin\" \/>\n<meta property=\"og:description\" content=\"A\u00a0spag\u00edrika sz\u00f3 g\u00f6r\u00f6g eredet\u0171: spao=sz\u00e9tv\u00e1lasztani, \u00e9s ageiro=egyes\u00edteni.\u00a0Ez egy a T\u00e1vol-Keletr\u0151l, ill. a himal\u00e1jai kult\u00far\u00e1kb\u00f3l sz\u00e1rmaz\u00f3, a gy\u00f3gyszergy\u00e1rt\u00e1sban \u00e9vezredek \u00f3ta ismert \u00e9s alkalmazott elj\u00e1r\u00e1s. A kivonatk\u00e9sz\u00edt\u00e9s ezen m\u00f3dj\u00e1t a mai napig &hellip;\" \/>\n<meta property=\"og:url\" content=\"https:\/\/tamasikatalin.hu\/?page_id=58\" \/>\n<meta property=\"og:site_name\" content=\"Tam\u00e1si Katalin\" \/>\n<meta property=\"article:modified_time\" content=\"2020-08-10T07:04:10+00:00\" \/>\n<meta property=\"og:image\" content=\"https:\/\/tamasikatalin.hu\/wp-content\/uploads\/2020\/08\/spagyrik3klein.jpg\" \/>\n\t<meta property=\"og:image:width\" content=\"1473\" \/>\n\t<meta property=\"og:image:height\" content=\"1063\" \/>\n\t<meta property=\"og:image:type\" content=\"image\/jpeg\" \/>\n<meta name=\"twitter:card\" content=\"summary_large_image\" \/>\n<meta name=\"twitter:label1\" content=\"Becs\u00fclt olvas\u00e1si id\u0151\" \/>\n\t<meta name=\"twitter:data1\" content=\"2 perc\" \/>\n<script type=\"application\/ld+json\" class=\"yoast-schema-graph\">{\"@context\":\"https:\\\/\\\/schema.org\",\"@graph\":[{\"@type\":\"WebPage\",\"@id\":\"https:\\\/\\\/tamasikatalin.hu\\\/?page_id=58\",\"url\":\"https:\\\/\\\/tamasikatalin.hu\\\/?page_id=58\",\"name\":\"Spag\u00edrikus esszenci\u00e1k - Tam\u00e1si Katalin\",\"isPartOf\":{\"@id\":\"https:\\\/\\\/tamasikatalin.hu\\\/#website\"},\"primaryImageOfPage\":{\"@id\":\"https:\\\/\\\/tamasikatalin.hu\\\/?page_id=58#primaryimage\"},\"image\":{\"@id\":\"https:\\\/\\\/tamasikatalin.hu\\\/?page_id=58#primaryimage\"},\"thumbnailUrl\":\"https:\\\/\\\/tmp1.rocska.hu\\\/wp-content\\\/uploads\\\/2020\\\/08\\\/spagyrik3klein-1024x739.jpg\",\"datePublished\":\"2020-08-09T16:00:52+00:00\",\"dateModified\":\"2020-08-10T07:04:10+00:00\",\"breadcrumb\":{\"@id\":\"https:\\\/\\\/tamasikatalin.hu\\\/?page_id=58#breadcrumb\"},\"inLanguage\":\"hu\",\"potentialAction\":[{\"@type\":\"ReadAction\",\"target\":[\"https:\\\/\\\/tamasikatalin.hu\\\/?page_id=58\"]}]},{\"@type\":\"ImageObject\",\"inLanguage\":\"hu\",\"@id\":\"https:\\\/\\\/tamasikatalin.hu\\\/?page_id=58#primaryimage\",\"url\":\"https:\\\/\\\/tmp1.rocska.hu\\\/wp-content\\\/uploads\\\/2020\\\/08\\\/spagyrik3klein-1024x739.jpg\",\"contentUrl\":\"https:\\\/\\\/tmp1.rocska.hu\\\/wp-content\\\/uploads\\\/2020\\\/08\\\/spagyrik3klein-1024x739.jpg\"},{\"@type\":\"BreadcrumbList\",\"@id\":\"https:\\\/\\\/tamasikatalin.hu\\\/?page_id=58#breadcrumb\",\"itemListElement\":[{\"@type\":\"ListItem\",\"position\":1,\"name\":\"Kezd\u0151lap\",\"item\":\"https:\\\/\\\/tamasikatalin.hu\\\/\"},{\"@type\":\"ListItem\",\"position\":2,\"name\":\"Spag\u00edrikus esszenci\u00e1k\"}]},{\"@type\":\"WebSite\",\"@id\":\"https:\\\/\\\/tamasikatalin.hu\\\/#website\",\"url\":\"https:\\\/\\\/tamasikatalin.hu\\\/\",\"name\":\"Tam\u00e1si Katalin\",\"description\":\"Biokozmetika\",\"potentialAction\":[{\"@type\":\"SearchAction\",\"target\":{\"@type\":\"EntryPoint\",\"urlTemplate\":\"https:\\\/\\\/tamasikatalin.hu\\\/?s={search_term_string}\"},\"query-input\":{\"@type\":\"PropertyValueSpecification\",\"valueRequired\":true,\"valueName\":\"search_term_string\"}}],\"inLanguage\":\"hu\"}]}<\/script>\n<!-- \/ Yoast SEO plugin. -->","yoast_head_json":{"title":"Spag\u00edrikus esszenci\u00e1k - Tam\u00e1si Katalin","robots":{"index":"index","follow":"follow","max-snippet":"max-snippet:-1","max-image-preview":"max-image-preview:large","max-video-preview":"max-video-preview:-1"},"canonical":"https:\/\/tamasikatalin.hu\/?page_id=58","og_locale":"hu_HU","og_type":"article","og_title":"Spag\u00edrikus esszenci\u00e1k - Tam\u00e1si Katalin","og_description":"A\u00a0spag\u00edrika sz\u00f3 g\u00f6r\u00f6g eredet\u0171: spao=sz\u00e9tv\u00e1lasztani, \u00e9s ageiro=egyes\u00edteni.\u00a0Ez egy a T\u00e1vol-Keletr\u0151l, ill. a himal\u00e1jai kult\u00far\u00e1kb\u00f3l sz\u00e1rmaz\u00f3, a gy\u00f3gyszergy\u00e1rt\u00e1sban \u00e9vezredek \u00f3ta ismert \u00e9s alkalmazott elj\u00e1r\u00e1s. A kivonatk\u00e9sz\u00edt\u00e9s ezen m\u00f3dj\u00e1t a mai napig &hellip;","og_url":"https:\/\/tamasikatalin.hu\/?page_id=58","og_site_name":"Tam\u00e1si Katalin","article_modified_time":"2020-08-10T07:04:10+00:00","og_image":[{"width":1473,"height":1063,"url":"https:\/\/tamasikatalin.hu\/wp-content\/uploads\/2020\/08\/spagyrik3klein.jpg","type":"image\/jpeg"}],"twitter_card":"summary_large_image","twitter_misc":{"Becs\u00fclt olvas\u00e1si id\u0151":"2 perc"},"schema":{"@context":"https:\/\/schema.org","@graph":[{"@type":"WebPage","@id":"https:\/\/tamasikatalin.hu\/?page_id=58","url":"https:\/\/tamasikatalin.hu\/?page_id=58","name":"Spag\u00edrikus esszenci\u00e1k - Tam\u00e1si Katalin","isPartOf":{"@id":"https:\/\/tamasikatalin.hu\/#website"},"primaryImageOfPage":{"@id":"https:\/\/tamasikatalin.hu\/?page_id=58#primaryimage"},"image":{"@id":"https:\/\/tamasikatalin.hu\/?page_id=58#primaryimage"},"thumbnailUrl":"https:\/\/tmp1.rocska.hu\/wp-content\/uploads\/2020\/08\/spagyrik3klein-1024x739.jpg","datePublished":"2020-08-09T16:00:52+00:00","dateModified":"2020-08-10T07:04:10+00:00","breadcrumb":{"@id":"https:\/\/tamasikatalin.hu\/?page_id=58#breadcrumb"},"inLanguage":"hu","potentialAction":[{"@type":"ReadAction","target":["https:\/\/tamasikatalin.hu\/?page_id=58"]}]},{"@type":"ImageObject","inLanguage":"hu","@id":"https:\/\/tamasikatalin.hu\/?page_id=58#primaryimage","url":"https:\/\/tmp1.rocska.hu\/wp-content\/uploads\/2020\/08\/spagyrik3klein-1024x739.jpg","contentUrl":"https:\/\/tmp1.rocska.hu\/wp-content\/uploads\/2020\/08\/spagyrik3klein-1024x739.jpg"},{"@type":"BreadcrumbList","@id":"https:\/\/tamasikatalin.hu\/?page_id=58#breadcrumb","itemListElement":[{"@type":"ListItem","position":1,"name":"Kezd\u0151lap","item":"https:\/\/tamasikatalin.hu\/"},{"@type":"ListItem","position":2,"name":"Spag\u00edrikus esszenci\u00e1k"}]},{"@type":"WebSite","@id":"https:\/\/tamasikatalin.hu\/#website","url":"https:\/\/tamasikatalin.hu\/","name":"Tam\u00e1si Katalin","description":"Biokozmetika","potentialAction":[{"@type":"SearchAction","target":{"@type":"EntryPoint","urlTemplate":"https:\/\/tamasikatalin.hu\/?s={search_term_string}"},"query-input":{"@type":"PropertyValueSpecification","valueRequired":true,"valueName":"search_term_string"}}],"inLanguage":"hu"}]}},"_links":{"self":[{"href":"https:\/\/tamasikatalin.hu\/index.php?rest_route=\/wp\/v2\/pages\/58","targetHints":{"allow":["GET"]}}],"collection":[{"href":"https:\/\/tamasikatalin.hu\/index.php?rest_route=\/wp\/v2\/pages"}],"about":[{"href":"https:\/\/tamasikatalin.hu\/index.php?rest_route=\/wp\/v2\/types\/page"}],"author":[{"embeddable":true,"href":"https:\/\/tamasikatalin.hu\/index.php?rest_route=\/wp\/v2\/users\/1"}],"replies":[{"embeddable":true,"href":"https:\/\/tamasikatalin.hu\/index.php?rest_route=%2Fwp%2Fv2%2Fcomments&post=58"}],"version-history":[{"count":3,"href":"https:\/\/tamasikatalin.hu\/index.php?rest_route=\/wp\/v2\/pages\/58\/revisions"}],"predecessor-version":[{"id":181,"href":"https:\/\/tamasikatalin.hu\/index.php?rest_route=\/wp\/v2\/pages\/58\/revisions\/181"}],"wp:attachment":[{"href":"https:\/\/tamasikatalin.hu\/index.php?rest_route=%2Fwp%2Fv2%2Fmedia&parent=58"}],"curies":[{"name":"wp","href":"https:\/\/api.w.org\/{rel}","templated":true}]}}